{"id":31,"date":"2020-04-13T11:18:52","date_gmt":"2020-04-13T11:18:52","guid":{"rendered":"https:\/\/mikasita.tk\/hermandad\/index.php\/about\/"},"modified":"2023-04-20T14:55:52","modified_gmt":"2023-04-20T14:55:52","slug":"lahermandad","status":"publish","type":"page","link":"https:\/\/hspmonda.es\/index.php\/lahermandad\/","title":{"rendered":"La Hermandad"},"content":{"rendered":"\t\t<div data-elementor-type=\"wp-page\" data-elementor-id=\"31\" class=\"elementor elementor-31\" data-elementor-post-type=\"page\">\n\t\t\t\t\t\t<section class=\"elementor-section elementor-top-section elementor-element elementor-element-5131a13e elementor-section-boxed elementor-section-height-default elementor-section-height-default\" data-id=\"5131a13e\" data-element_type=\"section\" data-e-type=\"section\" data-settings=\"{&quot;background_background&quot;:&quot;classic&quot;}\">\n\t\t\t\t\t\t\t<div class=\"elementor-background-overlay\"><\/div>\n\t\t\t\t\t\t\t<div class=\"elementor-container elementor-column-gap-default\">\n\t\t\t\t\t<div class=\"elementor-column elementor-col-100 elementor-top-column elementor-element elementor-element-1053ca7a\" data-id=\"1053ca7a\" data-element_type=\"column\" data-e-type=\"column\">\n\t\t\t<div class=\"elementor-widget-wrap elementor-element-populated\">\n\t\t\t\t\t\t<div class=\"elementor-element elementor-element-3d99e122 elementor-widget-mobile__width-initial elementor-widget elementor-widget-heading\" data-id=\"3d99e122\" data-element_type=\"widget\" data-e-type=\"widget\" data-widget_type=\"heading.default\">\n\t\t\t\t<div class=\"elementor-widget-container\">\n\t\t\t\t\t<h1 class=\"elementor-heading-title elementor-size-default\">la Hermandad<\/h1>\t\t\t\t<\/div>\n\t\t\t\t<\/div>\n\t\t\t\t\t<\/div>\n\t\t<\/div>\n\t\t\t\t\t<\/div>\n\t\t<\/section>\n\t\t\t\t<section class=\"elementor-section elementor-top-section elementor-element elementor-element-40177ae0 elementor-section-boxed elementor-section-height-default elementor-section-height-default\" data-id=\"40177ae0\" data-element_type=\"section\" data-e-type=\"section\">\n\t\t\t\t\t\t<div class=\"elementor-container elementor-column-gap-no\">\n\t\t\t\t\t<div class=\"elementor-column elementor-col-100 elementor-top-column elementor-element elementor-element-48096891\" data-id=\"48096891\" data-element_type=\"column\" data-e-type=\"column\">\n\t\t\t<div class=\"elementor-widget-wrap elementor-element-populated\">\n\t\t\t\t\t\t<div class=\"elementor-element elementor-element-44ce5982 elementor-widget elementor-widget-text-editor\" data-id=\"44ce5982\" data-element_type=\"widget\" data-e-type=\"widget\" data-widget_type=\"text-editor.default\">\n\t\t\t\t<div class=\"elementor-widget-container\">\n\t\t\t\t\t\t\t\t\t<h2 style=\"text-align: center;\">Sobre la Hermandad Sacramental y Penitencial de Monda<\/h2>\t\t\t\t\t\t\t\t<\/div>\n\t\t\t\t<\/div>\n\t\t\t\t<div class=\"elementor-element elementor-element-e56ab06 elementor-widget elementor-widget-text-editor\" data-id=\"e56ab06\" data-element_type=\"widget\" data-e-type=\"widget\" data-widget_type=\"text-editor.default\">\n\t\t\t\t<div class=\"elementor-widget-container\">\n\t\t\t\t\t\t\t\t\t<p align=\"justify\">En un Libro de Actas de la \u00abCongregaci\u00f3n religiosa de la Santa Vera-Cruz de esta Villa de Monda\u00bb que ha llegado a nuestros d\u00edas y que comienza con las tomadas en 1864, puede leerse en la correspondiente a la reuni\u00f3n capitular del 14 de abril de 1885 que se contaban, ya por entonces, trescientos a\u00f1os desde su fundaci\u00f3n. Por consiguiente, podr\u00eda datarse su origen muy cerca de la reconquista de Monda (primavera de 1485), cuando llegasen los Franciscanos (fundadores de las m\u00e1s antiguas hermandades, las de la Vera Cruz), o coincidiendo con la primera erecci\u00f3n can\u00f3nica de la Iglesia Parroquial (1505) o, como muy tarde, tras la expulsi\u00f3n de los moriscos all\u00e1 por 1570.<\/p><p align=\"justify\">En efecto, desgraciadamente se ignora el a\u00f1o de fundaci\u00f3n de cada una de las venerables cofrad\u00edas que fueron el germen de la actual: La Hermandad de la Vera-Cruz (que procesionaba las im\u00e1genes de la Sant\u00edsima Virgen de los Dolores, el Se\u00f1or Atado a la Columna y el Crucificado, y quiz\u00e1 tambi\u00e9n el Yacente), la Hermandad de Nuestro Padre Jes\u00fas (que sacaba en procesi\u00f3n a la imagen que m\u00e1s devoci\u00f3n inspiraba en los monde\u00f1os, datada por algunos en la primera mitad del XVII y a la que se atribuye numerosos hechos milagrosos) y la Hermandad del Sant\u00edsimo (de existencia constatada a comienzos del XVII). Parece que ya en 1909 celebraban cabildos conjuntos.<\/p><p align=\"justify\">Casi todo el patrimonio (incluidas las im\u00e1genes) se perdi\u00f3 en el luctuoso 1936. Pero ya en 1937 hay af\u00e1n de recuperaci\u00f3n. Y en 1941 el P\u00e1rroco y un nutrido grupo de hombres reorganizan las tres Hermandades, que, finalmente, tras la Semana Santa de 1946, se funden en una sola: la Hermandad Sacramental y Penitencial de Monda, depositaria en la historia del legado de las anteriores, pr\u00e1cticamente sin soluci\u00f3n de continuidad.<\/p><p align=\"justify\">Y as\u00ed ha continuado, fiel a sus tradiciones seculares, con el reconocimiento impl\u00edcito del Obispado y el expl\u00edcito del recordado Obispo malacitano Excmo. y Rvdmo. don Ram\u00f3n Buxarrais Ventura.<\/p><p align=\"justify\">La Hermandad se rige por las Reglas contenidas en estos Estatutos y por las normas que leg\u00edtimamente los desarrollen. Supletoriamente, lo har\u00e1 por la legislaci\u00f3n diocesana o, en su caso, por el Derecho Can\u00f3nico y, en cuanto le sea aplicable, por el Derecho del Estado.<\/p><p>Son Im\u00e1genes Titulares de la Hermandad:<\/p><ul><li style=\"list-style-type: none;\"><ul type=\"a\"><li><p align=\"left\">Nuestro Padre Jes\u00fas a su Entrada en Jerusal\u00e9n.<\/p><\/li><li><p align=\"left\">Se\u00f1or de Azotes y Columna.<\/p><\/li><li><p align=\"left\">Nuestro Padre Jes\u00fas Nazareno.<\/p><\/li><li><p align=\"left\">Cristo Crucificado.<\/p><\/li><li><p align=\"left\">Santo Sepulcro.<\/p><\/li><li><p align=\"left\">Se\u00f1or Resucitado.<\/p><\/li><li><p align=\"left\">Virgen de los Dolores.<\/p><\/li><\/ul><\/li><\/ul><p align=\"left\">Las Im\u00e1genes que procesiona, todas ellas ubicadas en el Templo Parroquial, son:<\/p><ol><li>La de Nuestro Padre Jes\u00fas a su Entrada en Jerusal\u00e9n, procesionada en Monda por primera vez en 2001, fue donada al Consejo Parroquial por la Cofrad\u00eda de Nuestro Padre Jes\u00fas a su Entrada en Jerusal\u00e9n y Nuestra Se\u00f1ora de la Paz y Esperanza de Marbella.<\/li><li>La del Se\u00f1or de Azotes y Columna es obra de serie realizada en el taller gerundense de Olot y procesionada en la d\u00e9cada de 1950.<\/li><li>La de Nuestro Padre Jes\u00fas Nazareno, encargada al granadino Jos\u00e9 Navas Parejo que la tall\u00f3 en 1944, fue procesionada en 1946.<\/li><li>La de Cristo Crucificado, encargada al artista malacitano Pedro P\u00e9rez Hidalgo que la tall\u00f3 en 1947, fue procesionada en 1948.<\/li><li>El Santo Sepulcro es obra de serie realizada en Olot y procesionada en la d\u00e9cada de 1940.<\/li><li>La del Se\u00f1or Resucitado es obra de serie realizada en Olot procesionada en la d\u00e9cada de 1960.<\/li><li>La de la Virgen de los Dolores, encargada a Jos\u00e9 Navas Parejo que la tall\u00f3 en 1945, fue procesionada en 1946.<\/li><\/ol><p align=\"justify\">El Emblema de la Hermandad, representa, sobre fondo azul orillado en rojo, una Horquilla y la Trompeta propiedad de esta Corporaci\u00f3n, entrecruzadas, estableciendo cuatro regiones. En la regi\u00f3n superior el Calvario de Monda, y en la inferior un cop\u00f3n y sobre \u00e9ste una Sagrada Forma. En la regi\u00f3n de la izquierda las siglas JHS, y en la derecha el anagrama del Ave Mar\u00eda.<\/p><p align=\"justify\">Constituye el objeto primordial de la Hermandad alcanzar la mayor gloria de Dios a trav\u00e9s de la promoci\u00f3n del culto p\u00fablico en nombre de la Iglesia a sus Sagrados Titulares y al Sant\u00edsimo Sacramento del Altar, realizando obras de piedad y caridad y animando con esp\u00edritu cristiano el orden temporal.<\/p>\t\t\t\t\t\t\t\t<\/div>\n\t\t\t\t<\/div>\n\t\t\t\t\t<\/div>\n\t\t<\/div>\n\t\t\t\t\t<\/div>\n\t\t<\/section>\n\t\t\t\t<\/div>\n\t\t","protected":false},"excerpt":{"rendered":"<p>la Hermandad Sobre la Hermandad Sacramental y Penitencial de Monda En un Libro de Actas de la \u00abCongregaci\u00f3n religiosa de la Santa Vera-Cruz de esta Villa de Monda\u00bb que ha [&hellip;]<\/p>\n","protected":false},"author":1,"featured_media":0,"parent":0,"menu_order":0,"comment_status":"closed","ping_status":"closed","template":"","meta":{"site-sidebar-layout":"no-sidebar","site-content-layout":"page-builder","ast-site-content-layout":"default","site-content-style":"default","site-sidebar-style":"default","ast-global-header-display":"","ast-banner-title-visibility":"","ast-main-header-display":"","ast-hfb-above-header-display":"","ast-hfb-below-header-display":"","ast-hfb-mobile-header-display":"","site-post-title":"disabled","ast-breadcrumbs-content":"","ast-featured-img":"","footer-sml-layout":"","ast-disable-related-posts":"","theme-transparent-header-meta":"enabled","adv-header-id-meta":"","stick-header-meta":"","header-above-stick-meta":"","header-main-stick-meta":"","header-below-stick-meta":"","astra-migrate-meta-layouts":"default","ast-page-background-enabled":"default","ast-page-background-meta":{"desktop":{"background-color":"","background-image":"","background-repeat":"repeat","background-position":"center center","background-size":"auto","background-attachment":"scroll","background-type":"","background-media":"","overlay-type":"","overlay-color":"","overlay-opacity":"","overlay-gradient":""},"tablet":{"background-color":"","background-image":"","background-repeat":"repeat","background-position":"center center","background-size":"auto","background-attachment":"scroll","background-type":"","background-media":"","overlay-type":"","overlay-color":"","overlay-opacity":"","overlay-gradient":""},"mobile":{"background-color":"","background-image":"","background-repeat":"repeat","background-position":"center center","background-size":"auto","background-attachment":"scroll","background-type":"","background-media":"","overlay-type":"","overlay-color":"","overlay-opacity":"","overlay-gradient":""}},"ast-content-background-meta":{"desktop":{"background-color":"var(--ast-global-color-5)","background-image":"","background-repeat":"repeat","background-position":"center center","background-size":"auto","background-attachment":"scroll","background-type":"","background-media":"","overlay-type":"","overlay-color":"","overlay-opacity":"","overlay-gradient":""},"tablet":{"background-color":"var(--ast-global-color-5)","background-image":"","background-repeat":"repeat","background-position":"center center","background-size":"auto","background-attachment":"scroll","background-type":"","background-media":"","overlay-type":"","overlay-color":"","overlay-opacity":"","overlay-gradient":""},"mobile":{"background-color":"var(--ast-global-color-5)","background-image":"","background-repeat":"repeat","background-position":"center center","background-size":"auto","background-attachment":"scroll","background-type":"","background-media":"","overlay-type":"","overlay-color":"","overlay-opacity":"","overlay-gradient":""}},"footnotes":""},"class_list":["post-31","page","type-page","status-publish","hentry"],"_links":{"self":[{"href":"https:\/\/hspmonda.es\/index.php\/wp-json\/wp\/v2\/pages\/31","targetHints":{"allow":["GET"]}}],"collection":[{"href":"https:\/\/hspmonda.es\/index.php\/wp-json\/wp\/v2\/pages"}],"about":[{"href":"https:\/\/hspmonda.es\/index.php\/wp-json\/wp\/v2\/types\/page"}],"author":[{"embeddable":true,"href":"https:\/\/hspmonda.es\/index.php\/wp-json\/wp\/v2\/users\/1"}],"replies":[{"embeddable":true,"href":"https:\/\/hspmonda.es\/index.php\/wp-json\/wp\/v2\/comments?post=31"}],"version-history":[{"count":38,"href":"https:\/\/hspmonda.es\/index.php\/wp-json\/wp\/v2\/pages\/31\/revisions"}],"predecessor-version":[{"id":464,"href":"https:\/\/hspmonda.es\/index.php\/wp-json\/wp\/v2\/pages\/31\/revisions\/464"}],"wp:attachment":[{"href":"https:\/\/hspmonda.es\/index.php\/wp-json\/wp\/v2\/media?parent=31"}],"curies":[{"name":"wp","href":"https:\/\/api.w.org\/{rel}","templated":true}]}}